{"id":736,"date":"2019-12-19T00:53:29","date_gmt":"2019-12-18T23:53:29","guid":{"rendered":"https:\/\/inputovanja.ba\/?page_id=736"},"modified":"2019-12-19T01:42:48","modified_gmt":"2019-12-19T00:42:48","slug":"vase-fotografije","status":"publish","type":"page","link":"https:\/\/inputovanja.ba\/index.php\/vase-fotografije\/","title":{"rendered":"Va\u0161e Fotografije"},"content":{"rendered":"<div id=\"td_uid_1_69deccac934d6\" class=\"tdc-zone\"><div class=\"tdc_zone td_uid_1_69deccac934eb_rand  wpb_row td-pb-row\"  >\n<style scoped>\n\n\/* custom css *\/\n.td_uid_1_69deccac934eb_rand {\r\n                    min-height: 0;\r\n                }\n<\/style><div id=\"td_uid_2_69deccac93c87\" class=\"tdc-row stretch_row_content td-stretch-content\"><div class=\"vc_row td_uid_2_69deccac93c8e_rand  wpb_row td-pb-row\" >\n<style scoped>\n\n\/* custom css *\/\n.td_uid_2_69deccac93c8e_rand {\r\n                    min-height: 0;\r\n                }\n<\/style><div class=\"vc_column td_uid_3_69deccac93e08_rand  wpb_column vc_column_container tdc-column td-pb-span12\">\n<style scoped>\n\n\/* custom css *\/\n.td_uid_3_69deccac93e08_rand {\r\n                    vertical-align: baseline;\r\n                }\n<\/style><div class=\"wpb_wrapper\"><div class=\"tdm_block td_block_wrap tdm_block_hero td_uid_4_69deccac94140_rand tdm-content-horiz-center tdm-content-vert-center td-pb-border-top td_block_template_1 tdm_white_text  tdm-mobile-full td-fix-index\"  data-td-block-uid=\"td_uid_4_69deccac94140\" >\n<style>\n\/* custom css *\/\n.td_uid_4_69deccac94140_rand .td-block-width {\r\n                    max-width: 1200px;\r\n                }\r\n\t\t\t\t\r\n\t\t\t\t\r\n                .td_uid_4_69deccac94140_rand .td-block-row {\r\n                    height: 600px;\r\n                }\r\n                \r\n\t\t\t\tbody .td_uid_4_69deccac94140_rand:after {\r\n\t\t\t\t\tbackground: -webkit-linear-gradient(0deg,rgba(0,0,0,0.85),rgba(22,112,191,0.85));background: linear-gradient(0deg,rgba(0,0,0,0.85),rgba(22,112,191,0.85));\r\n\t\t\t\t}\r\n\r\n\r\n\t\t\t\t\r\n\t\t\t\t.td_uid_4_69deccac94140_rand:before {\r\n\t\t\t\t\tcontent: '';\r\n                    position: absolute;\r\n                    top: 0;\r\n                    left: 0;\r\n                    width: 100%;\r\n                    height: 100%;\r\n\t\t\t\t\tbackground-image: url(https:\/\/inputovanja.ba\/wp-content\/uploads\/2019\/11\/slefie-praha-e1576713079730.jpg);\r\n                    background-repeat: no-repeat;\r\n                    background-size: cover;\r\n                    background-position: center center;\r\n                    z-index: -1;\r\n\t\t\t\t}\r\n\t\t\t\t\r\n\t\t\t\t.td_uid_4_69deccac94140_rand:before {\r\n\t\t\t\t\tbackground-position: top;\r\n\t\t\t\t}\n<\/style><div class=\"td-block-width\"><div class=\"td-block-row\"><div class=\"td-block-span12 tdm-col\"><div class=\"tdm-text-wrap tdm-text-padding\">\n<style>\n\n<\/style><div class=\"tds-title tds-title1 td-fix-index td_uid_5_69deccac965e2\"><h2 class=\"tdm-title tdm-title-bg\">Dobrodo\u0161li u kutak Va\u0161ih fotografija...<\/h2><\/div><p class=\"tdm-descr\">\u0160aljite nam Va\u0161e fotografije sa putovanja, a mi \u0107emo se potpruditi da im prona\u0111emo pravo mjesto.<\/p><div class=\"tdm-buttons-wrap\">\n<style>\nbody .td_uid_6_69deccac96d02 i:last-child {\r\n\t\t\t\t\tmargin-left: 14px;\r\n\t\t\t\t}\r\n\t\t\t\t\r\n\t\t\t\t.td_uid_6_69deccac96d02 {\r\n\t\t\t\t\tbox-shadow:  0px 2px 16px 0px rgba(0, 0, 0, 0.1);\r\n\t\t\t\t}\r\n\t\t\t\t\r\n\t\t\t\t.td_uid_6_69deccac96d02:hover {\r\n\t\t\t\t\tbox-shadow:  0px 2px 26px 0px rgba(0, 0, 0, 0.1);\r\n\t\t\t\t}\n<\/style><div class=\"tds-button td-fix-index\"><a href=\"#fotografije\" class=\"tds-button3 tdm-btn tdm-btn-lg td_uid_6_69deccac96d02\" ><span class=\"tdm-btn-text\">Pogledaj fotografije<\/span><i class=\"tdc-font-fa tdc-font-fa-chevron-right\"><\/i><\/a><\/div><\/div><\/div><\/div><\/div><\/div><\/div><\/div><\/div><\/div><\/div><div id=\"td_uid_4_69deccac978e0\" class=\"tdc-row\"><div class=\"vc_row td_uid_7_69deccac978e8_rand  wpb_row td-pb-row\" >\n<style scoped>\n\n\/* custom css *\/\n.td_uid_7_69deccac978e8_rand {\r\n                    min-height: 0;\r\n                }\n<\/style><div class=\"vc_column td_uid_8_69deccac97a89_rand  wpb_column vc_column_container tdc-column td-pb-span12\">\n<style scoped>\n\n\/* custom css *\/\n.td_uid_8_69deccac97a89_rand {\r\n                    vertical-align: baseline;\r\n                }\n<\/style><div class=\"wpb_wrapper\"><div class=\"vc_row_inner td_uid_9_69deccac97b59_rand  vc_row vc_inner wpb_row td-pb-row\" >\n<style scoped>\n\n\/* custom css *\/\n.td_uid_9_69deccac97b59_rand {\r\n                    position: relative !important;\r\n                    top: 0;\r\n                    transform: none;\r\n                    -webkit-transform: none;\r\n                }\n<\/style><div class=\"vc_column_inner td_uid_10_69deccac97c48_rand  wpb_column vc_column_container tdc-inner-column td-pb-span12\">\n<style scoped>\n\n\/* custom css *\/\n.td_uid_10_69deccac97c48_rand {\r\n                    vertical-align: baseline;\r\n                }\n<\/style><div class=\"vc_column-inner\"><div class=\"wpb_wrapper\"><div class=\"td_block_wrap td_block_title td_uid_11_69deccac97e21_rand td-pb-border-top td_block_template_18\"  data-td-block-uid=\"td_uid_11_69deccac97e21\" >\n<style>\n.td_uid_11_69deccac97e21_rand .td-block-title > span,\r\n            .td_uid_11_69deccac97e21_rand .td-block-title > a {\r\n                background: #06d3d5 !important;\r\n                background: -moz-linear-gradient(-68deg, #66baff 30%, #1b1464 80%) !important;\r\n                background: -webkit-linear-gradient(-68deg, #66baff 30%,#1b1464 80%) !important;\r\n                background: linear-gradient(156deg, #66baff 30%,#1b1464 80%) !important;\r\n                -webkit-background-clip: text !important;\r\n                -webkit-text-fill-color: transparent;\r\n            }\r\n\r\n\r\n            \r\n            .td_uid_11_69deccac97e21_rand .td-block-speech-bubble {\r\n                background-color: #66baff !important;\r\n            }\r\n            .td_uid_11_69deccac97e21_rand .td-block-speech-bubble:before {\r\n                border-color: #66baff transparent transparent transparent !important;\r\n            }\n<\/style>\n<style>\n\/* custom css *\/\n.td_uid_11_69deccac97e21_rand .td-block-title {\r\n\t\t\t\t\ttext-align: center;\r\n\t\t\t\t}\r\n\t\t\t\t.td_uid_11_69deccac97e21_rand.td_block_template_4 .td-block-title > *:before {\r\n\t\t\t\t    right: 10px;\r\n\t\t\t\t}\r\n\t\t\t\t.td_uid_11_69deccac97e21_rand.td_block_template_8 .td-block-title > * {\r\n\t\t\t\t\tpadding-left: 20px;\r\n\t\t\t\t}\r\n\t\t\t\t.td_uid_11_69deccac97e21_rand.td_block_template_9 .td-block-title:after {\r\n\t\t\t\t\tright: 0;\r\n\t\t\t\t}\r\n\t\t\t\t.td_uid_11_69deccac97e21_rand.td_block_template_13 .td-block-subtitle {\r\n\t\t\t\t\tleft: 0;\r\n\t\t\t\t\tright: 0;\r\n\t\t\t\t}\n<\/style><h4 class=\"td-block-title\"><span>Nagradna igra #kosmopolittravel<\/span><\/h4><div class=\"td_mod_wrap\"><\/div><\/div><\/div><\/div><\/div><\/div><\/div><\/div><\/div><\/div><div id=\"td_uid_8_69deccac981e5\" class=\"tdc-row\"><div id=\"fotografije\" class=\"vc_row td_uid_12_69deccac981eb_rand  wpb_row td-pb-row\" >\n<style scoped>\n\n\/* custom css *\/\n.td_uid_12_69deccac981eb_rand {\r\n                    min-height: 0;\r\n                }\n<\/style><div class=\"vc_column td_uid_13_69deccac98378_rand  wpb_column vc_column_container tdc-column td-pb-span12\">\n<style scoped>\n\n\/* custom css *\/\n.td_uid_13_69deccac98378_rand {\r\n                    vertical-align: baseline;\r\n                }\n<\/style><div class=\"wpb_wrapper\"><div class=\"td_block_wrap td_block_text_with_title td_uid_14_69deccac985f1_rand td-pb-border-top td_block_template_1\"  data-td-block-uid=\"td_uid_14_69deccac985f1\" ><div class=\"td-block-title-wrap\"><\/div><div class=\"td_mod_wrap td-fix-index\">\n            <div \n                class=\"elfsight-widget-instagram-feed elfsight-widget\" \n                data-elfsight-instagram-feed-options=\"%7B%22source%22%3A%5B%22%23kosmopolittravel%22%5D%2C%22filterOnly%22%3A%5B%5D%2C%22filterExcept%22%3A%5B%5D%2C%22limit%22%3A18%2C%22order%22%3A%22date%22%2C%22layout%22%3A%22grid%22%2C%22postTemplate%22%3A%22tile%22%2C%22columns%22%3A3%2C%22rows%22%3A8%2C%22gutter%22%3A0%2C%22responsive%22%3A%5B%7B%22minWidth%22%3A375%2C%22columns%22%3A1%2C%22rows%22%3A%2232%22%2C%22gutter%22%3A%220%22%7D%2C%7B%22minWidth%22%3A768%2C%22columns%22%3A3%2C%22rows%22%3A%2216%22%2C%22gutter%22%3A%220%22%7D%2C%7B%22minWidth%22%3A%22991%22%2C%22columns%22%3A%221%22%2C%22rows%22%3A%2216%22%2C%22gutter%22%3A%22%22%7D%5D%2C%22width%22%3A%22auto%22%2C%22callToActionButtons%22%3A%5B%5D%2C%22postElements%22%3A%5B%22user%22%2C%22date%22%2C%22instagramLink%22%2C%22likesCount%22%2C%22commentsCount%22%2C%22share%22%2C%22text%22%5D%2C%22popupElements%22%3A%5B%22user%22%2C%22location%22%2C%22followButton%22%2C%22instagramLink%22%2C%22likesCount%22%2C%22share%22%2C%22comments%22%2C%22date%22%2C%22text%22%5D%2C%22imageClickAction%22%3A%22popup%22%2C%22sliderArrows%22%3Atrue%2C%22sliderDrag%22%3Atrue%2C%22sliderSpeed%22%3A0.6%2C%22sliderAutoplay%22%3A%22%22%2C%22colorScheme%22%3A%22default%22%2C%22colorPostOverlayBg%22%3A%22rgba%280%2C%200%2C%200%2C%200.8%29%22%2C%22colorPostOverlayText%22%3A%22rgb%28255%2C%20255%2C%20255%29%22%2C%22colorPostBg%22%3A%22rgb%28255%2C%20255%2C%20255%29%22%2C%22colorPostText%22%3A%22rgb%280%2C%200%2C%200%29%22%2C%22colorPostLinks%22%3A%22rgb%280%2C%2053%2C%20107%29%22%2C%22colorSliderArrows%22%3A%22rgb%28255%2C%20255%2C%20255%29%22%2C%22colorSliderArrowsBg%22%3A%22rgba%280%2C%200%2C%200%2C%200.9%29%22%2C%22colorGridLoadMoreButton%22%3A%22rgb%2856%2C%20151%2C%20240%29%22%2C%22colorPopupOverlay%22%3A%22rgba%2843%2C%2043%2C%2043%2C%200.9%29%22%2C%22colorPopupBg%22%3A%22rgb%28255%2C%20255%2C%20255%29%22%2C%22colorPopupText%22%3A%22rgb%280%2C%200%2C%200%29%22%2C%22colorPopupLinks%22%3A%22rgb%280%2C%2053%2C%20105%29%22%2C%22colorPopupFollowButton%22%3A%22rgb%2856%2C%20151%2C%20240%29%22%2C%22colorPopupCtaButton%22%3A%22rgb%2856%2C%20151%2C%20240%29%22%2C%22widgetTitle%22%3A%22Pratite%20nas%20na%20Instagramu%22%2C%22lang%22%3A%22en%22%2C%22apiUrl%22%3A%22https%3A%5C%2F%5C%2Finputovanja.ba%5C%2Fwp-admin%5C%2Fadmin-ajax.php%22%2C%22apiAction%22%3A%22elfsight_instagram_feed_api%22%2C%22widgetId%22%3A%221%22%7D\" \n                data-elfsight-instagram-feed-version=\"3.8.4\"\n                data-elfsight-widget-id=\"elfsight-instagram-feed-1\">\n            <\/div>\n            \n<\/div><\/div><\/div><\/div><\/div><\/div><\/div><\/div>","protected":false},"excerpt":{"rendered":"","protected":false},"author":2,"featured_media":0,"parent":0,"menu_order":0,"comment_status":"closed","ping_status":"closed","template":"","meta":{"footnotes":""},"_links":{"self":[{"href":"https:\/\/inputovanja.ba\/index.php\/wp-json\/wp\/v2\/pages\/736"}],"collection":[{"href":"https:\/\/inputovanja.ba\/index.php\/wp-json\/wp\/v2\/pages"}],"about":[{"href":"https:\/\/inputovanja.ba\/index.php\/wp-json\/wp\/v2\/types\/page"}],"author":[{"embeddable":true,"href":"https:\/\/inputovanja.ba\/index.php\/wp-json\/wp\/v2\/users\/2"}],"replies":[{"embeddable":true,"href":"https:\/\/inputovanja.ba\/index.php\/wp-json\/wp\/v2\/comments?post=736"}],"version-history":[{"count":16,"href":"https:\/\/inputovanja.ba\/index.php\/wp-json\/wp\/v2\/pages\/736\/revisions"}],"predecessor-version":[{"id":753,"href":"https:\/\/inputovanja.ba\/index.php\/wp-json\/wp\/v2\/pages\/736\/revisions\/753"}],"wp:attachment":[{"href":"https:\/\/inputovanja.ba\/index.php\/wp-json\/wp\/v2\/media?parent=736"}],"curies":[{"name":"wp","href":"https:\/\/api.w.org\/{rel}","templated":true}]}}